{"id":102,"date":"2022-09-11T20:24:50","date_gmt":"2022-09-11T23:24:50","guid":{"rendered":"https:\/\/palladioarquitetura.com.br\/?page_id=102"},"modified":"2022-10-17T13:48:07","modified_gmt":"2022-10-17T16:48:07","slug":"conceitos","status":"publish","type":"page","link":"https:\/\/palladioarquitetura.com.br\/?page_id=102","title":{"rendered":"Projetos Energia Solar"},"content":{"rendered":"\t\t<div data-elementor-type=\"wp-page\" data-elementor-id=\"102\" class=\"elementor elementor-102\">\n\t\t\t\t\t\t\t\t\t<section class=\"elementor-section elementor-top-section elementor-element elementor-element-9cf536a elementor-section-boxed elementor-section-height-default elementor-section-height-default\" data-id=\"9cf536a\" data-element_type=\"section\" data-settings=\"{&quot;background_background&quot;:&quot;classic&quot;}\">\n\t\t\t\t\t\t\t<div class=\"elementor-background-overlay\"><\/div>\n\t\t\t\t\t\t\t<div class=\"elementor-container elementor-column-gap-default\">\n\t\t\t\t\t<div class=\"elementor-column elementor-col-100 elementor-top-column elementor-element elementor-element-6b544d8f\" data-id=\"6b544d8f\" data-element_type=\"column\">\n\t\t\t<div class=\"elementor-widget-wrap elementor-element-populated\">\n\t\t\t\t\t\t\t\t<div class=\"elementor-element elementor-element-5a4ba5d elementor-widget elementor-widget-heading\" data-id=\"5a4ba5d\" data-element_type=\"widget\" data-widget_type=\"heading.default\">\n\t\t\t\t<div class=\"elementor-widget-container\">\n\t\t\t<style>\/*! elementor - v3.8.0 - 30-10-2022 *\/\n.elementor-heading-title{padding:0;margin:0;line-height:1}.elementor-widget-heading .elementor-heading-title[class*=elementor-size-]>a{color:inherit;font-size:inherit;line-height:inherit}.elementor-widget-heading .elementor-heading-title.elementor-size-small{font-size:15px}.elementor-widget-heading .elementor-heading-title.elementor-size-medium{font-size:19px}.elementor-widget-heading .elementor-heading-title.elementor-size-large{font-size:29px}.elementor-widget-heading .elementor-heading-title.elementor-size-xl{font-size:39px}.elementor-widget-heading .elementor-heading-title.elementor-size-xxl{font-size:59px}<\/style><h2 class=\"elementor-heading-title elementor-size-default\">Projetos energias renov\u00e1veis<\/h2>\t\t<\/div>\n\t\t\t\t<\/div>\n\t\t\t\t\t<\/div>\n\t\t<\/div>\n\t\t\t\t\t\t\t<\/div>\n\t\t<\/section>\n\t\t\t\t<section class=\"elementor-section elementor-top-section elementor-element elementor-element-572b8df4 elementor-section-full_width elementor-section-height-default elementor-section-height-default\" data-id=\"572b8df4\" data-element_type=\"section\" data-settings=\"{&quot;background_background&quot;:&quot;classic&quot;}\">\n\t\t\t\t\t\t<div class=\"elementor-container elementor-column-gap-default\">\n\t\t\t\t\t<div class=\"elementor-column elementor-col-100 elementor-top-column elementor-element elementor-element-4f9868e4\" data-id=\"4f9868e4\" data-element_type=\"column\">\n\t\t\t<div class=\"elementor-widget-wrap elementor-element-populated\">\n\t\t\t\t\t\t\t\t<section class=\"elementor-section elementor-inner-section elementor-element elementor-element-bceafba elementor-section-boxed elementor-section-height-default elementor-section-height-default\" data-id=\"bceafba\" data-element_type=\"section\">\n\t\t\t\t\t\t<div class=\"elementor-container elementor-column-gap-default\">\n\t\t\t\t\t<div class=\"elementor-column elementor-col-50 elementor-inner-column elementor-element elementor-element-4678b966\" data-id=\"4678b966\" data-element_type=\"column\">\n\t\t\t<div class=\"elementor-widget-wrap elementor-element-populated\">\n\t\t\t\t\t\t\t\t<div class=\"elementor-element elementor-element-6169fdd7 elementor-widget elementor-widget-heading\" data-id=\"6169fdd7\" data-element_type=\"widget\" data-widget_type=\"heading.default\">\n\t\t\t\t<div class=\"elementor-widget-container\">\n\t\t\t<h2 class=\"elementor-heading-title elementor-size-default\">Energias renov\u00e1veis<\/h2>\t\t<\/div>\n\t\t\t\t<\/div>\n\t\t\t\t<div class=\"elementor-element elementor-element-59d1e0ab elementor-widget elementor-widget-text-editor\" data-id=\"59d1e0ab\" data-element_type=\"widget\" data-widget_type=\"text-editor.default\">\n\t\t\t\t<div class=\"elementor-widget-container\">\n\t\t\t<style>\/*! elementor - v3.8.0 - 30-10-2022 *\/\n.elementor-widget-text-editor.elementor-drop-cap-view-stacked .elementor-drop-cap{background-color:#818a91;color:#fff}.elementor-widget-text-editor.elementor-drop-cap-view-framed .elementor-drop-cap{color:#818a91;border:3px solid;background-color:transparent}.elementor-widget-text-editor:not(.elementor-drop-cap-view-default) .elementor-drop-cap{margin-top:8px}.elementor-widget-text-editor:not(.elementor-drop-cap-view-default) .elementor-drop-cap-letter{width:1em;height:1em}.elementor-widget-text-editor .elementor-drop-cap{float:left;text-align:center;line-height:1;font-size:50px}.elementor-widget-text-editor .elementor-drop-cap-letter{display:inline-block}<\/style>\t\t\t\t<p>Inserimos em nossos projetos: Energia Solar, tanto para aquecimento de \u00e1gua como para energia el\u00e9trica.<\/p><p>Nossos projetos primam pela seguran\u00e7a, otimiza\u00e7\u00e3o e satisfa\u00e7\u00e3o do cliente. Para isso, utilizamos a melhor tecnologia do mercado. Nossos parceiros entregam no porto mais pr\u00f3ximo com seguran\u00e7a e garantia, todos os equipamentos (m\u00f3dulos solares, inversores e kits de instala\u00e7\u00e3o). O or\u00e7amento, projeto, instala\u00e7\u00e3o e manuten\u00e7\u00e3o s\u00e3o de nossa responsabilidade.<\/p><p><strong>\u201cPrecisamos mudar o mundo e preservar nosso meio ambiente\u201d.<\/strong><\/p>\t\t\t\t\t\t<\/div>\n\t\t\t\t<\/div>\n\t\t\t\t<div class=\"elementor-element elementor-element-7586e89 elementor-align-left elementor-widget elementor-widget-button\" data-id=\"7586e89\" data-element_type=\"widget\" data-widget_type=\"button.default\">\n\t\t\t\t<div class=\"elementor-widget-container\">\n\t\t\t\t\t<div class=\"elementor-button-wrapper\">\n\t\t\t<a href=\"https:\/\/api.whatsapp.com\/send?phone=5551996276767&#038;text=Ol%C3%A1%20eu%20sou%20um%20contato%20do%20website\" class=\"elementor-button-link elementor-button elementor-size-sm\" role=\"button\">\n\t\t\t\t\t\t<span class=\"elementor-button-content-wrapper\">\n\t\t\t\t\t\t<span class=\"elementor-button-text\">Solicite um or\u00e7amento agora mesmo<\/span>\n\t\t<\/span>\n\t\t\t\t\t<\/a>\n\t\t<\/div>\n\t\t\t\t<\/div>\n\t\t\t\t<\/div>\n\t\t\t\t\t<\/div>\n\t\t<\/div>\n\t\t\t\t<div class=\"elementor-column elementor-col-50 elementor-inner-column elementor-element elementor-element-71549d77\" data-id=\"71549d77\" data-element_type=\"column\">\n\t\t\t<div class=\"elementor-widget-wrap elementor-element-populated\">\n\t\t\t\t\t\t\t\t<div class=\"elementor-element elementor-element-6d90d32 elementor-widget elementor-widget-image\" data-id=\"6d90d32\" data-element_type=\"widget\" data-widget_type=\"image.default\">\n\t\t\t\t<div class=\"elementor-widget-container\">\n\t\t\t<style>\/*! elementor - v3.8.0 - 30-10-2022 *\/\n.elementor-widget-image{text-align:center}.elementor-widget-image a{display:inline-block}.elementor-widget-image a img[src$=\".svg\"]{width:48px}.elementor-widget-image img{vertical-align:middle;display:inline-block}<\/style>\t\t\t\t\t\t\t\t\t\t\t\t<img decoding=\"async\" width=\"800\" height=\"800\" src=\"https:\/\/palladioarquitetura.com.br\/wp-content\/uploads\/2022\/10\/1-1024x1024.png\" class=\"attachment-large size-large\" alt=\"\" loading=\"lazy\" srcset=\"https:\/\/palladioarquitetura.com.br\/wp-content\/uploads\/2022\/10\/1-1024x1024.png 1024w, https:\/\/palladioarquitetura.com.br\/wp-content\/uploads\/2022\/10\/1-300x300.png 300w, https:\/\/palladioarquitetura.com.br\/wp-content\/uploads\/2022\/10\/1-150x150.png 150w, https:\/\/palladioarquitetura.com.br\/wp-content\/uploads\/2022\/10\/1-768x768.png 768w, https:\/\/palladioarquitetura.com.br\/wp-content\/uploads\/2022\/10\/1.png 1080w\" sizes=\"(max-width: 800px) 100vw, 800px\" \/>\t\t\t\t\t\t\t\t\t\t\t\t\t\t\t<\/div>\n\t\t\t\t<\/div>\n\t\t\t\t\t<\/div>\n\t\t<\/div>\n\t\t\t\t\t\t\t<\/div>\n\t\t<\/section>\n\t\t\t\t\t<\/div>\n\t\t<\/div>\n\t\t\t\t\t\t\t<\/div>\n\t\t<\/section>\n\t\t\t\t<section class=\"elementor-section elementor-top-section elementor-element elementor-element-82f14f5 elementor-section-boxed elementor-section-height-default elementor-section-height-default\" data-id=\"82f14f5\" data-element_type=\"section\" data-settings=\"{&quot;background_background&quot;:&quot;classic&quot;}\">\n\t\t\t\t\t\t\t<div class=\"elementor-background-overlay\"><\/div>\n\t\t\t\t\t\t\t<div class=\"elementor-container elementor-column-gap-default\">\n\t\t\t\t\t<div class=\"elementor-column elementor-col-100 elementor-top-column elementor-element elementor-element-989f4bc\" data-id=\"989f4bc\" data-element_type=\"column\">\n\t\t\t<div class=\"elementor-widget-wrap elementor-element-populated\">\n\t\t\t\t\t\t\t\t<div class=\"elementor-element elementor-element-c36307b elementor-widget elementor-widget-heading\" data-id=\"c36307b\" data-element_type=\"widget\" data-widget_type=\"heading.default\">\n\t\t\t\t<div class=\"elementor-widget-container\">\n\t\t\t<h2 class=\"elementor-heading-title elementor-size-default\">Obtenha consultoria gratuita <br>sobre seu projeto de energia solar!<\/h2>\t\t<\/div>\n\t\t\t\t<\/div>\n\t\t\t\t<div class=\"elementor-element elementor-element-44fc175 elementor-widget elementor-widget-text-editor\" data-id=\"44fc175\" data-element_type=\"widget\" data-widget_type=\"text-editor.default\">\n\t\t\t\t<div class=\"elementor-widget-container\">\n\t\t\t\t\t\t\t<p style=\"text-align: center;\">Nossa Empresa, oferece amplo portf\u00f3lio em tecnologias, produtos e solu\u00e7\u00f5es para nossos clientes. Os desafios n\u00e3o s\u00e3o insuper\u00e1veis, estamos sempre alerta junto ao governo, novas leis, bem como no comprometimento e planejamento conforme demanda, honrando assim os compromissos com os clientes.<\/p>\t\t\t\t\t\t<\/div>\n\t\t\t\t<\/div>\n\t\t\t\t<div class=\"elementor-element elementor-element-b553d41 elementor-align-center elementor-widget elementor-widget-button\" data-id=\"b553d41\" data-element_type=\"widget\" data-widget_type=\"button.default\">\n\t\t\t\t<div class=\"elementor-widget-container\">\n\t\t\t\t\t<div class=\"elementor-button-wrapper\">\n\t\t\t<a href=\"https:\/\/api.whatsapp.com\/send?phone=5551996276767&#038;text=Ol%C3%A1%20eu%20sou%20um%20contato%20do%20website\" class=\"elementor-button-link elementor-button elementor-size-sm\" role=\"button\">\n\t\t\t\t\t\t<span class=\"elementor-button-content-wrapper\">\n\t\t\t\t\t\t<span class=\"elementor-button-text\">Solicite um or\u00e7amento agora mesmo<\/span>\n\t\t<\/span>\n\t\t\t\t\t<\/a>\n\t\t<\/div>\n\t\t\t\t<\/div>\n\t\t\t\t<\/div>\n\t\t\t\t\t<\/div>\n\t\t<\/div>\n\t\t\t\t\t\t\t<\/div>\n\t\t<\/section>\n\t\t\t\t<section class=\"elementor-section elementor-top-section elementor-element elementor-element-ce3e13b elementor-section-boxed elementor-section-height-default elementor-section-height-default\" data-id=\"ce3e13b\" data-element_type=\"section\">\n\t\t\t\t\t\t<div class=\"elementor-container elementor-column-gap-default\">\n\t\t\t\t\t<div class=\"elementor-column elementor-col-100 elementor-top-column elementor-element elementor-element-e7aba68\" data-id=\"e7aba68\" data-element_type=\"column\">\n\t\t\t<div class=\"elementor-widget-wrap elementor-element-populated\">\n\t\t\t\t\t\t\t\t<div class=\"elementor-element elementor-element-86ad361 elementor-widget elementor-widget-heading\" data-id=\"86ad361\" data-element_type=\"widget\" data-widget_type=\"heading.default\">\n\t\t\t\t<div class=\"elementor-widget-container\">\n\t\t\t<h2 class=\"elementor-heading-title elementor-size-default\">Nossas solu\u00e7\u00f5es<\/h2>\t\t<\/div>\n\t\t\t\t<\/div>\n\t\t\t\t\t<\/div>\n\t\t<\/div>\n\t\t\t\t\t\t\t<\/div>\n\t\t<\/section>\n\t\t\t\t<section class=\"elementor-section elementor-top-section elementor-element elementor-element-0f0df09 elementor-section-boxed elementor-section-height-default elementor-section-height-default\" data-id=\"0f0df09\" data-element_type=\"section\">\n\t\t\t\t\t\t<div class=\"elementor-container elementor-column-gap-default\">\n\t\t\t\t\t<div class=\"elementor-column elementor-col-100 elementor-top-column elementor-element elementor-element-bcc6b45\" data-id=\"bcc6b45\" data-element_type=\"column\">\n\t\t\t<div class=\"elementor-widget-wrap elementor-element-populated\">\n\t\t\t\t\t\t\t\t<div class=\"elementor-element elementor-element-a0a9c48 elementor-widget elementor-widget-text-editor\" data-id=\"a0a9c48\" data-element_type=\"widget\" data-widget_type=\"text-editor.default\">\n\t\t\t\t<div class=\"elementor-widget-container\">\n\t\t\t\t\t\t\t<p style=\"text-align: center;\">Somos uma empresa preocupada com todas as energias renov\u00e1veis, oferecemos um amplo portf\u00f3lio de tecnologias, produtos e solu\u00e7\u00f5es para nossos clientes em todos os cantos do Brasil.<\/p>\t\t\t\t\t\t<\/div>\n\t\t\t\t<\/div>\n\t\t\t\t\t<\/div>\n\t\t<\/div>\n\t\t\t\t\t\t\t<\/div>\n\t\t<\/section>\n\t\t\t\t<section class=\"elementor-section elementor-top-section elementor-element elementor-element-96ad74f elementor-section-boxed elementor-section-height-default elementor-section-height-default\" data-id=\"96ad74f\" data-element_type=\"section\">\n\t\t\t\t\t\t<div class=\"elementor-container elementor-column-gap-default\">\n\t\t\t\t\t<div class=\"elementor-column elementor-col-33 elementor-top-column elementor-element elementor-element-42a6633\" data-id=\"42a6633\" data-element_type=\"column\">\n\t\t\t<div class=\"elementor-widget-wrap elementor-element-populated\">\n\t\t\t\t\t\t\t\t<div class=\"elementor-element elementor-element-3db219a elementor-view-default elementor-widget elementor-widget-icon\" data-id=\"3db219a\" data-element_type=\"widget\" data-widget_type=\"icon.default\">\n\t\t\t\t<div class=\"elementor-widget-container\">\n\t\t\t\t\t<div class=\"elementor-icon-wrapper\">\n\t\t\t<div class=\"elementor-icon\">\n\t\t\t<i aria-hidden=\"true\" class=\"fas fa-industry\"><\/i>\t\t\t<\/div>\n\t\t<\/div>\n\t\t\t\t<\/div>\n\t\t\t\t<\/div>\n\t\t\t\t<div class=\"elementor-element elementor-element-53b9d1b elementor-widget elementor-widget-heading\" data-id=\"53b9d1b\" data-element_type=\"widget\" data-widget_type=\"heading.default\">\n\t\t\t\t<div class=\"elementor-widget-container\">\n\t\t\t<h2 class=\"elementor-heading-title elementor-size-default\">Industrial<\/h2>\t\t<\/div>\n\t\t\t\t<\/div>\n\t\t\t\t<div class=\"elementor-element elementor-element-d33365c elementor-widget elementor-widget-text-editor\" data-id=\"d33365c\" data-element_type=\"widget\" data-widget_type=\"text-editor.default\">\n\t\t\t\t<div class=\"elementor-widget-container\">\n\t\t\t\t\t\t\t<p>Devido ao alto consumo de energia em ind\u00fastrias e f\u00e1bricas, a energia solar industrial vem ganhando cada vez mais destaque nas empresas do ramo, a fim de diminuir custos com contas de energia e reduzir os impactos ambientais.<\/p>\t\t\t\t\t\t<\/div>\n\t\t\t\t<\/div>\n\t\t\t\t\t<\/div>\n\t\t<\/div>\n\t\t\t\t<div class=\"elementor-column elementor-col-33 elementor-top-column elementor-element elementor-element-1704b55\" data-id=\"1704b55\" data-element_type=\"column\">\n\t\t\t<div class=\"elementor-widget-wrap elementor-element-populated\">\n\t\t\t\t\t\t\t\t<div class=\"elementor-element elementor-element-ff2fd8a elementor-view-default elementor-widget elementor-widget-icon\" data-id=\"ff2fd8a\" data-element_type=\"widget\" data-widget_type=\"icon.default\">\n\t\t\t\t<div class=\"elementor-widget-container\">\n\t\t\t\t\t<div class=\"elementor-icon-wrapper\">\n\t\t\t<div class=\"elementor-icon\">\n\t\t\t<i aria-hidden=\"true\" class=\"far fa-sun\"><\/i>\t\t\t<\/div>\n\t\t<\/div>\n\t\t\t\t<\/div>\n\t\t\t\t<\/div>\n\t\t\t\t<div class=\"elementor-element elementor-element-9534d4f elementor-widget elementor-widget-heading\" data-id=\"9534d4f\" data-element_type=\"widget\" data-widget_type=\"heading.default\">\n\t\t\t\t<div class=\"elementor-widget-container\">\n\t\t\t<h2 class=\"elementor-heading-title elementor-size-default\">O sol a nosso favor<\/h2>\t\t<\/div>\n\t\t\t\t<\/div>\n\t\t\t\t<div class=\"elementor-element elementor-element-0ff13cc elementor-widget elementor-widget-text-editor\" data-id=\"0ff13cc\" data-element_type=\"widget\" data-widget_type=\"text-editor.default\">\n\t\t\t\t<div class=\"elementor-widget-container\">\n\t\t\t\t\t\t\t<p>\u00c9 considerada, ainda, uma forma sustent\u00e1vel e econ\u00f4mica de aquecimento de \u00e1gua, ou outros fluidos, bem como a gera\u00e7\u00e3o de energia solar para economia de luz, visto que o consumo de energia el\u00e9trica em ind\u00fastrias j\u00e1 soma mais de 3 milh\u00f5es de MW\/hora.\u00a0<\/p>\t\t\t\t\t\t<\/div>\n\t\t\t\t<\/div>\n\t\t\t\t\t<\/div>\n\t\t<\/div>\n\t\t\t\t<div class=\"elementor-column elementor-col-33 elementor-top-column elementor-element elementor-element-e14fdac\" data-id=\"e14fdac\" data-element_type=\"column\">\n\t\t\t<div class=\"elementor-widget-wrap elementor-element-populated\">\n\t\t\t\t\t\t\t\t<div class=\"elementor-element elementor-element-17453bb elementor-view-default elementor-widget elementor-widget-icon\" data-id=\"17453bb\" data-element_type=\"widget\" data-widget_type=\"icon.default\">\n\t\t\t\t<div class=\"elementor-widget-container\">\n\t\t\t\t\t<div class=\"elementor-icon-wrapper\">\n\t\t\t<div class=\"elementor-icon\">\n\t\t\t<i aria-hidden=\"true\" class=\"fas fa-solar-panel\"><\/i>\t\t\t<\/div>\n\t\t<\/div>\n\t\t\t\t<\/div>\n\t\t\t\t<\/div>\n\t\t\t\t<div class=\"elementor-element elementor-element-125623c elementor-widget elementor-widget-heading\" data-id=\"125623c\" data-element_type=\"widget\" data-widget_type=\"heading.default\">\n\t\t\t\t<div class=\"elementor-widget-container\">\n\t\t\t<h2 class=\"elementor-heading-title elementor-size-default\">M\u00f3dulos Solares<\/h2>\t\t<\/div>\n\t\t\t\t<\/div>\n\t\t\t\t<div class=\"elementor-element elementor-element-d776cfa elementor-widget elementor-widget-text-editor\" data-id=\"d776cfa\" data-element_type=\"widget\" data-widget_type=\"text-editor.default\">\n\t\t\t\t<div class=\"elementor-widget-container\">\n\t\t\t\t\t\t\t<p>A energia solar residencial j\u00e1 \u00e9 uma realidade para usu\u00e1rios que desejam produzir energia limpa e renov\u00e1vel por meio de m\u00f3dulos solares. Ela \u00e9 capaz de suprir todo o consumo de eletricidade do im\u00f3vel e podendo gerar uma economia de at\u00e9 95% na conta de luz.<\/p><p>Pode-se colocar em um or\u00e7amento \u00fanico v\u00e1rias contas de luz, desde que da mesma concession\u00e1ria. Consulte-nos sem compromisso!<\/p>\t\t\t\t\t\t<\/div>\n\t\t\t\t<\/div>\n\t\t\t\t\t<\/div>\n\t\t<\/div>\n\t\t\t\t\t\t\t<\/div>\n\t\t<\/section>\n\t\t\t\t<section class=\"elementor-section elementor-top-section elementor-element elementor-element-28bd6c2 elementor-section-boxed elementor-section-height-default elementor-section-height-default\" data-id=\"28bd6c2\" data-element_type=\"section\">\n\t\t\t\t\t\t<div class=\"elementor-container elementor-column-gap-default\">\n\t\t\t\t\t<div class=\"elementor-column elementor-col-33 elementor-top-column elementor-element elementor-element-7094512\" data-id=\"7094512\" data-element_type=\"column\">\n\t\t\t<div class=\"elementor-widget-wrap elementor-element-populated\">\n\t\t\t\t\t\t\t\t<div class=\"elementor-element elementor-element-4799923 elementor-view-default elementor-widget elementor-widget-icon\" data-id=\"4799923\" data-element_type=\"widget\" data-widget_type=\"icon.default\">\n\t\t\t\t<div class=\"elementor-widget-container\">\n\t\t\t\t\t<div class=\"elementor-icon-wrapper\">\n\t\t\t<div class=\"elementor-icon\">\n\t\t\t<i aria-hidden=\"true\" class=\"fas fa-wind\"><\/i>\t\t\t<\/div>\n\t\t<\/div>\n\t\t\t\t<\/div>\n\t\t\t\t<\/div>\n\t\t\t\t<div class=\"elementor-element elementor-element-48209af elementor-widget elementor-widget-heading\" data-id=\"48209af\" data-element_type=\"widget\" data-widget_type=\"heading.default\">\n\t\t\t\t<div class=\"elementor-widget-container\">\n\t\t\t<h2 class=\"elementor-heading-title elementor-size-default\">Sistemas de Geradores E\u00f3licos<\/h2>\t\t<\/div>\n\t\t\t\t<\/div>\n\t\t\t\t<div class=\"elementor-element elementor-element-73a9def elementor-widget elementor-widget-text-editor\" data-id=\"73a9def\" data-element_type=\"widget\" data-widget_type=\"text-editor.default\">\n\t\t\t\t<div class=\"elementor-widget-container\">\n\t\t\t\t\t\t\t<div tabindex=\"0\" role=\"button\" aria-controls=\"exacc_VfQfY-TSOIDm1sQPkd6suA8_4\" aria-expanded=\"true\" aria-labelledby=\"exacc_VfQfY-TSOIDm1sQPkd6suA8_3\"><div data-hveid=\"CAQQAQ\" data-ved=\"2ahUKEwik0ZCw5ZD6AhUAs5UCHREvC_cQuk56BAgEEAE\"><p>Uma das principais vantagens da energia e\u00f3lica \u00e9 que n\u00e3o h\u00e1 emiss\u00e3o de polui\u00e7\u00e3o atmosf\u00e9rica durante a sua produ\u00e7\u00e3o.\u00a0<\/p><p>Junto \u00e0 Empresas parceiras oferecemos consultoria em Projetos de Parques E\u00f3licos no RS e Brasil.<\/p><\/div><\/div>\t\t\t\t\t\t<\/div>\n\t\t\t\t<\/div>\n\t\t\t\t\t<\/div>\n\t\t<\/div>\n\t\t\t\t<div class=\"elementor-column elementor-col-33 elementor-top-column elementor-element elementor-element-39ff460\" data-id=\"39ff460\" data-element_type=\"column\">\n\t\t\t<div class=\"elementor-widget-wrap elementor-element-populated\">\n\t\t\t\t\t\t\t\t<div class=\"elementor-element elementor-element-edd82d4 elementor-view-default elementor-widget elementor-widget-icon\" data-id=\"edd82d4\" data-element_type=\"widget\" data-widget_type=\"icon.default\">\n\t\t\t\t<div class=\"elementor-widget-container\">\n\t\t\t\t\t<div class=\"elementor-icon-wrapper\">\n\t\t\t<div class=\"elementor-icon\">\n\t\t\t<i aria-hidden=\"true\" class=\"fas fa-coins\"><\/i>\t\t\t<\/div>\n\t\t<\/div>\n\t\t\t\t<\/div>\n\t\t\t\t<\/div>\n\t\t\t\t<div class=\"elementor-element elementor-element-77b1934 elementor-widget elementor-widget-heading\" data-id=\"77b1934\" data-element_type=\"widget\" data-widget_type=\"heading.default\">\n\t\t\t\t<div class=\"elementor-widget-container\">\n\t\t\t<h2 class=\"elementor-heading-title elementor-size-default\">Sistemas para o Agroneg\u00f3cio<\/h2>\t\t<\/div>\n\t\t\t\t<\/div>\n\t\t\t\t<div class=\"elementor-element elementor-element-435a4bb elementor-widget elementor-widget-text-editor\" data-id=\"435a4bb\" data-element_type=\"widget\" data-widget_type=\"text-editor.default\">\n\t\t\t\t<div class=\"elementor-widget-container\">\n\t\t\t\t\t\t\t<div tabindex=\"0\" role=\"button\" aria-controls=\"exacc_t_QfY7GrHKf41sQPlbu0gA0_2\" aria-expanded=\"true\" aria-labelledby=\"exacc_t_QfY7GrHKf41sQPlbu0gA0_1\"><div data-hveid=\"CFoQAQ\" data-ved=\"2ahUKEwjx4tHe5ZD6AhUnvJUCHZUdDdAQuk56BAhaEAE\"><p>A energia solar no agroneg\u00f3cio est\u00e1 ganhando terreno e semeando a energia limpa no campo.\u00a0Ela est\u00e1 trazendo excel\u00eancia para o setor do agroneg\u00f3cio e com o uso de energia limpa o produtor rural \u00e9 capaz de solucionar os problemas recorrentes de energia. O alto custo da energia el\u00e9trica tem motivado os produtores a buscar um melhor custo-benef\u00edcio. O sistema fotovoltaico pode ser instalado em formato fixo ou com tracker em seus projetos.<\/p><\/div><\/div>\t\t\t\t\t\t<\/div>\n\t\t\t\t<\/div>\n\t\t\t\t\t<\/div>\n\t\t<\/div>\n\t\t\t\t<div class=\"elementor-column elementor-col-33 elementor-top-column elementor-element elementor-element-93f6854\" data-id=\"93f6854\" data-element_type=\"column\">\n\t\t\t<div class=\"elementor-widget-wrap elementor-element-populated\">\n\t\t\t\t\t\t\t\t<div class=\"elementor-element elementor-element-bbd76ad elementor-view-default elementor-widget elementor-widget-icon\" data-id=\"bbd76ad\" data-element_type=\"widget\" data-widget_type=\"icon.default\">\n\t\t\t\t<div class=\"elementor-widget-container\">\n\t\t\t\t\t<div class=\"elementor-icon-wrapper\">\n\t\t\t<div class=\"elementor-icon\">\n\t\t\t<i aria-hidden=\"true\" class=\"fas fa-atom\"><\/i>\t\t\t<\/div>\n\t\t<\/div>\n\t\t\t\t<\/div>\n\t\t\t\t<\/div>\n\t\t\t\t<div class=\"elementor-element elementor-element-4dae34c elementor-widget elementor-widget-heading\" data-id=\"4dae34c\" data-element_type=\"widget\" data-widget_type=\"heading.default\">\n\t\t\t\t<div class=\"elementor-widget-container\">\n\t\t\t<h2 class=\"elementor-heading-title elementor-size-default\">Outras Energias Alternativas<\/h2>\t\t<\/div>\n\t\t\t\t<\/div>\n\t\t\t\t<div class=\"elementor-element elementor-element-fb0d2c1 elementor-widget elementor-widget-text-editor\" data-id=\"fb0d2c1\" data-element_type=\"widget\" data-widget_type=\"text-editor.default\">\n\t\t\t\t<div class=\"elementor-widget-container\">\n\t\t\t\t\t\t\t<div tabindex=\"0\" role=\"button\" aria-controls=\"exacc_7fQfY4DpI-u91sQP4LqG0A8_2\" aria-expanded=\"true\" aria-labelledby=\"exacc_7fQfY4DpI-u91sQP4LqG0A8_1\"><div data-hveid=\"CA4QAQ\" data-ved=\"2ahUKEwjAk7n45ZD6AhXrnpUCHWCdAfoQuk56BAgOEAE\"><p>As fontes de energia renov\u00e1veis s\u00e3o\u00a0aquelas que possuem um ciclo de renova\u00e7\u00e3o em escala de tempo humana, ou seja, est\u00e3o sempre dispon\u00edveis para utiliza\u00e7\u00e3o e n\u00e3o se esgotam, sendo a principal delas a\u00a0energia\u00a0solar proveniente da luz do sol, al\u00e9m das fontes e\u00f3lica, biomassa, h\u00eddrica, maremotriz e geot\u00e9rmica.<\/p><\/div><\/div>\t\t\t\t\t\t<\/div>\n\t\t\t\t<\/div>\n\t\t\t\t\t<\/div>\n\t\t<\/div>\n\t\t\t\t\t\t\t<\/div>\n\t\t<\/section>\n\t\t\t\t\t\t\t<\/div>\n\t\t","protected":false},"excerpt":{"rendered":"<p>Projetos energias renov\u00e1veis Energias renov\u00e1veis Inserimos em nossos projetos: Energia Solar, tanto para aquecimento de \u00e1gua como para energia el\u00e9trica. Nossos projetos primam pela seguran\u00e7a, otimiza\u00e7\u00e3o e satisfa\u00e7\u00e3o do cliente. Para isso, utilizamos a melhor tecnologia do mercado. Nossos parceiros entregam no porto mais pr\u00f3ximo com seguran\u00e7a e garantia, todos os equipamentos (m\u00f3dulos solares, inversores [&hellip;]<\/p>\n","protected":false},"author":1,"featured_media":0,"parent":0,"menu_order":0,"comment_status":"closed","ping_status":"closed","template":"elementor_header_footer","meta":[],"_links":{"self":[{"href":"https:\/\/palladioarquitetura.com.br\/index.php?rest_route=\/wp\/v2\/pages\/102"}],"collection":[{"href":"https:\/\/palladioarquitetura.com.br\/index.php?rest_route=\/wp\/v2\/pages"}],"about":[{"href":"https:\/\/palladioarquitetura.com.br\/index.php?rest_route=\/wp\/v2\/types\/page"}],"author":[{"embeddable":true,"href":"https:\/\/palladioarquitetura.com.br\/index.php?rest_route=\/wp\/v2\/users\/1"}],"replies":[{"embeddable":true,"href":"https:\/\/palladioarquitetura.com.br\/index.php?rest_route=%2Fwp%2Fv2%2Fcomments&post=102"}],"version-history":[{"count":78,"href":"https:\/\/palladioarquitetura.com.br\/index.php?rest_route=\/wp\/v2\/pages\/102\/revisions"}],"predecessor-version":[{"id":654,"href":"https:\/\/palladioarquitetura.com.br\/index.php?rest_route=\/wp\/v2\/pages\/102\/revisions\/654"}],"wp:attachment":[{"href":"https:\/\/palladioarquitetura.com.br\/index.php?rest_route=%2Fwp%2Fv2%2Fmedia&parent=102"}],"curies":[{"name":"wp","href":"https:\/\/api.w.org\/{rel}","templated":true}]}}